{"id":15,"date":"2024-06-07T21:42:41","date_gmt":"2024-06-08T02:42:41","guid":{"rendered":"https:\/\/pazaltocauca.net\/?page_id=15"},"modified":"2024-08-06T23:37:54","modified_gmt":"2024-08-07T04:37:54","slug":"inicio","status":"publish","type":"page","link":"https:\/\/pazaltocauca.net\/","title":{"rendered":"LANDING ESPA\u00d1OL"},"content":{"rendered":"<p>[et_pb_section fb_built=\u00bb1&#8243; disabled_on=\u00bbon|on|off\u00bb admin_label=\u00bbSecci\u00f3n INICIO ESPA\u00d1OL\u00bb _builder_version=\u00bb4.26.0&#8243; _module_preset=\u00bbdefault\u00bb width=\u00bb100%\u00bb max_width=\u00bb100%\u00bb module_alignment=\u00bbcenter\u00bb custom_margin=\u00bb0px|0px|0px|0px|false|false\u00bb custom_padding=\u00bb0px|0px|0px|0px|false|false\u00bb da_disable_devices=\u00bboff|off|off\u00bb locked=\u00bboff\u00bb collapsed=\u00bbon\u00bb global_colors_info=\u00bb{}\u00bb da_is_popup=\u00bboff\u00bb da_exit_intent=\u00bboff\u00bb da_has_close=\u00bbon\u00bb da_alt_close=\u00bboff\u00bb da_dark_close=\u00bboff\u00bb da_not_modal=\u00bbon\u00bb da_is_singular=\u00bboff\u00bb da_with_loader=\u00bboff\u00bb da_has_shadow=\u00bbon\u00bb][et_pb_row column_structure=\u00bb1_2,1_2&#8243; admin_label=\u00bbFila ilustraci\u00f3n COLIBRI &#8211; BOTON TP\u00bb _builder_version=\u00bb4.26.0&#8243; _module_preset=\u00bbdefault\u00bb positioning=\u00bbabsolute\u00bb position_origin_a=\u00bbbottom_left\u00bb vertical_offset=\u00bb0px\u00bb z_index=\u00bb15&#8243; width=\u00bb100%\u00bb max_width=\u00bb100%\u00bb min_height=\u00bb100%\u00bb height=\u00bb100%\u00bb max_height=\u00bb100%\u00bb custom_margin=\u00bb0px|0px|0px|0px|false|false\u00bb custom_padding=\u00bb0px|0px|0px|0px|false|false\u00bb locked=\u00bboff\u00bb collapsed=\u00bboff\u00bb global_colors_info=\u00bb{}\u00bb][et_pb_column type=\u00bb1_2&#8243; _builder_version=\u00bb4.25.1&#8243; _module_preset=\u00bbdefault\u00bb global_colors_info=\u00bb{}\u00bb][dsm_floating_multi_images floating_height=\u00bb0px\u00bb floating_effect=\u00bbleft-right\u00bb admin_label=\u00bbFLOTANTES PAZ ALTO CAUCA\u00bb _builder_version=\u00bb4.26.0&#8243; _module_preset=\u00bbdefault\u00bb width=\u00bb100%\u00bb max_width=\u00bb100%\u00bb min_height=\u00bb100%\u00bb height=\u00bb100%\u00bb max_height=\u00bb100%\u00bb custom_margin=\u00bb0px|0px|0px|0px|false|false\u00bb custom_padding=\u00bb0px|0px|0px|0px|false|false\u00bb global_colors_info=\u00bb{}\u00bb][dsm_floating_multi_images_child admin_title=\u00bbMujer\u00bb src=\u00bbhttps:\/\/pazaltocauca.net\/wp-content\/uploads\/2024\/06\/MujerPAC.webp\u00bb title_text=\u00bbMujerPAC\u00bb horizontal_align=\u00bb3vw\u00bb vertical_align=\u00bb48vh\u00bb _builder_version=\u00bb4.26.0&#8243; _module_preset=\u00bbdefault\u00bb width=\u00bb100%\u00bb max_width=\u00bb80%\u00bb module_alignment=\u00bbcenter\u00bb min_height=\u00bb100%\u00bb height=\u00bb100%\u00bb max_height=\u00bb100%\u00bb custom_margin=\u00bb0px|0px|0px|0px|true|true\u00bb custom_padding=\u00bb0px|0px|0px|0px|true|true\u00bb link_option_url=\u00bbhttps:\/\/pazaltocauca.net\/index.php\/nosotros\/\u00bb global_colors_info=\u00bb{}\u00bb max_width__hover_enabled=\u00bbon|desktop\u00bb max_width__hover=\u00bb82%\u00bb][\/dsm_floating_multi_images_child][dsm_floating_multi_images_child admin_title=\u00bbBot\u00f3n PAC\u00bb src=\u00bbhttps:\/\/pazaltocauca.net\/wp-content\/uploads\/2024\/07\/Conoce-Paz-Alto-Cauca_2.webp\u00bb title_text=\u00bbConoce-Paz-Alto-Cauca_2&#8243; horizontal_align=\u00bb45%\u00bb vertical_align=\u00bb29%\u00bb _builder_version=\u00bb4.26.0&#8243; _module_preset=\u00bbdefault\u00bb width=\u00bb30%\u00bb module_alignment=\u00bbcenter\u00bb custom_margin=\u00bb0px||||false|false\u00bb custom_padding=\u00bb9vw||||false|false\u00bb link_option_url=\u00bb#popup_PAC\u00bb global_colors_info=\u00bb{}\u00bb width__hover_enabled=\u00bbon|hover\u00bb width__hover=\u00bb33%\u00bb][\/dsm_floating_multi_images_child][\/dsm_floating_multi_images][\/et_pb_column][et_pb_column type=\u00bb1_2&#8243; _builder_version=\u00bb4.25.1&#8243; _module_preset=\u00bbdefault\u00bb global_colors_info=\u00bb{}\u00bb][dsm_floating_multi_images admin_label=\u00bbFLOTANTES TROCHA DE PAZ\u00bb _builder_version=\u00bb4.26.0&#8243; _module_preset=\u00bbdefault\u00bb global_colors_info=\u00bb{}\u00bb][dsm_floating_multi_images_child admin_title=\u00bbColibr\u00ed\u00bb src=\u00bbhttps:\/\/pazaltocauca.net\/wp-content\/uploads\/2024\/06\/Colibri-TrochaDePaz.webp\u00bb title_text=\u00bbColibri TrochaDePaz\u00bb horizontal_align=\u00bb-7vw\u00bb vertical_align=\u00bb40vh\u00bb _builder_version=\u00bb4.26.0&#8243; _module_preset=\u00bbdefault\u00bb max_width=\u00bb60%\u00bb link_option_url=\u00bbhttps:\/\/trochadepaz.com\/\u00bb link_option_url_new_window=\u00bbon\u00bb global_colors_info=\u00bb{}\u00bb max_width__hover_enabled=\u00bbon|desktop\u00bb max_width__hover=\u00bb\u00bb][\/dsm_floating_multi_images_child][dsm_floating_multi_images_child admin_title=\u00bbBot\u00f3n TP\u00bb src=\u00bbhttps:\/\/pazaltocauca.net\/wp-content\/uploads\/2024\/07\/Conoce-Trocha-De-Paz.webp\u00bb title_text=\u00bbConoce-Trocha-De-Paz\u00bb horizontal_align=\u00bb23%\u00bb vertical_align=\u00bb31%\u00bb _builder_version=\u00bb4.26.0&#8243; _module_preset=\u00bbdefault\u00bb width=\u00bb31%\u00bb link_option_url=\u00bb#popup_TP\u00bb global_colors_info=\u00bb{}\u00bb width__hover_enabled=\u00bbon|hover\u00bb width__hover=\u00bb33%\u00bb][\/dsm_floating_multi_images_child][\/dsm_floating_multi_images][\/et_pb_column][\/et_pb_row][et_pb_row admin_label=\u00bbFila Fondo\u00bb _builder_version=\u00bb4.26.0&#8243; _module_preset=\u00bbdefault\u00bb width=\u00bb100%\u00bb max_width=\u00bb100%\u00bb module_alignment=\u00bbcenter\u00bb min_height=\u00bb100%\u00bb height=\u00bb100%\u00bb max_height=\u00bb100%\u00bb custom_margin=\u00bb0px|0px|0px|0px|true|true\u00bb custom_padding=\u00bb0px|0px|0px|0px|true|true\u00bb collapsed=\u00bboff\u00bb global_colors_info=\u00bb{}\u00bb][et_pb_column type=\u00bb4_4&#8243; _builder_version=\u00bb4.25.1&#8243; _module_preset=\u00bbdefault\u00bb global_colors_info=\u00bb{}\u00bb][et_pb_image src=\u00bbhttps:\/\/pazaltocauca.net\/wp-content\/uploads\/2024\/07\/Fondo-Inicio-Paz-Alto-Cauca-Es.webp\u00bb title_text=\u00bbFondo-Inicio-Paz-Alto-Cauca-Es\u00bb align=\u00bbcenter\u00bb force_fullwidth=\u00bbon\u00bb admin_label=\u00bbImagenFondo\u00bb _builder_version=\u00bb4.26.0&#8243; _module_preset=\u00bbdefault\u00bb module_alignment=\u00bbcenter\u00bb min_height=\u00bb100%\u00bb height=\u00bb100%\u00bb max_height=\u00bb100%\u00bb custom_margin=\u00bb0px|0px|0px|0px|false|false\u00bb custom_padding=\u00bb0px|0px|0px|0px|false|false\u00bb global_colors_info=\u00bb{}\u00bb][\/et_pb_image][\/et_pb_column][\/et_pb_row][\/et_pb_section][et_pb_section fb_built=\u00bb1&#8243; admin_label=\u00bbES &#8211; Secci\u00f3n PopUp PAC\u00bb module_id=\u00bbpopup_PAC\u00bb module_class=\u00bbpopup with-loader\u00bb _builder_version=\u00bb4.26.0&#8243; _module_preset=\u00bbdefault\u00bb background_color=\u00bbRGBA(255,255,255,0)\u00bb width=\u00bb30%\u00bb max_width=\u00bb30%\u00bb custom_margin=\u00bb0px||0px||true|false\u00bb custom_padding=\u00bb0px||0px||true|false\u00bb da_is_popup=\u00bbon\u00bb da_popup_slug=\u00bbpopup_PAC\u00bb da_with_loader=\u00bbon\u00bb da_disable_devices=\u00bboff|off|off\u00bb collapsed=\u00bboff\u00bb global_colors_info=\u00bb{}\u00bb da_exit_intent=\u00bboff\u00bb da_has_close=\u00bbon\u00bb da_alt_close=\u00bboff\u00bb da_dark_close=\u00bboff\u00bb da_not_modal=\u00bbon\u00bb da_is_singular=\u00bboff\u00bb da_has_shadow=\u00bbon\u00bb][et_pb_row admin_label=\u00bbFila PAC\u00bb _builder_version=\u00bb4.26.0&#8243; _module_preset=\u00bbdefault\u00bb background_image=\u00bbhttps:\/\/pazaltocauca.net\/wp-content\/uploads\/2024\/07\/Fondo-Colibri-Paz-Alto-Cauca.webp\u00bb background_position=\u00bbbottom_left\u00bb background_horizontal_offset=\u00bb24%\u00bb background_vertical_offset=\u00bb-44%\u00bb width=\u00bb100%\u00bb module_alignment=\u00bbcenter\u00bb min_height=\u00bb100%\u00bb height=\u00bb100%\u00bb max_height=\u00bb100%\u00bb collapsed=\u00bboff\u00bb global_colors_info=\u00bb{}\u00bb][et_pb_column type=\u00bb4_4&#8243; _builder_version=\u00bb4.25.1&#8243; _module_preset=\u00bbdefault\u00bb global_colors_info=\u00bb{}\u00bb][et_pb_blurb title=\u00bbPaz Alto Cauca\u00bb image=\u00bbhttps:\/\/pazaltocauca.net\/wp-content\/uploads\/2024\/06\/Paz-Alto-Cauca-Logo.png\u00bb image_icon_width=\u00bb50%\u00bb _builder_version=\u00bb4.26.0&#8243; _module_preset=\u00bbdefault\u00bb header_font=\u00bbFira Sans Condensed|600|||||||\u00bb header_text_align=\u00bbcenter\u00bb header_text_color=\u00bb#111111&#8243; header_font_size=\u00bb3.3vh\u00bb body_font=\u00bbFira Sans Condensed|500|||||||\u00bb body_text_color=\u00bb#0a0a0a\u00bb body_font_size=\u00bb1.9vh\u00bb background_enable_image=\u00bboff\u00bb text_orientation=\u00bbjustified\u00bb custom_margin=\u00bb3vh||3vh||true|false\u00bb custom_padding=\u00bb0px|4vw|0px|4vw|false|true\u00bb global_colors_info=\u00bb{}\u00bb]<\/p>\n<p><span><\/span><\/p>\n<p><span>Es un proyecto innovador de investigaci\u00f3n e intervenci\u00f3n que propone comprender la construcci\u00f3n del Estado y fortalecer las capacidades comunitarias para la planificaci\u00f3n territorial en el contexto de la implementaci\u00f3n del Acuerdo de Paz en Colombia (2016).<\/span><\/p>\n<p><span><\/span><\/p>\n<p>[\/et_pb_blurb][et_pb_button button_url=\u00bbhttps:\/\/pazaltocauca.net\/index.php\/nosotros\/\u00bb button_text=\u00bbExplorar\u00bb button_alignment=\u00bbcenter\u00bb _builder_version=\u00bb4.26.0&#8243; _module_preset=\u00bbdefault\u00bb custom_button=\u00bbon\u00bb button_text_color=\u00bb#001606&#8243; button_bg_color=\u00bb#FFFFFF\u00bb button_border_width=\u00bb0px\u00bb button_border_radius=\u00bb20px\u00bb button_letter_spacing=\u00bb0px\u00bb button_font=\u00bbFira Sans Condensed||||||||\u00bb custom_margin=\u00bb5vh||5vh||true|false\u00bb box_shadow_style=\u00bbpreset1&#8243; global_colors_info=\u00bb{}\u00bb button_bg_color__hover_enabled=\u00bbon|hover\u00bb button_bg_color__hover=\u00bb#00bf5c\u00bb button_bg_enable_color__hover=\u00bbon\u00bb][\/et_pb_button][\/et_pb_column][\/et_pb_row][\/et_pb_section][et_pb_section fb_built=\u00bb1&#8243; admin_label=\u00bbES &#8211; Secci\u00f3n PopUp Trocha\u00bb module_id=\u00bbpopup_TP\u00bb module_class=\u00bbpopup with-loader\u00bb _builder_version=\u00bb4.26.0&#8243; _module_preset=\u00bbdefault\u00bb background_color=\u00bbRGBA(255,255,255,0)\u00bb width=\u00bb30%\u00bb max_width=\u00bb30%\u00bb custom_margin=\u00bb0px||0px||true|false\u00bb custom_padding=\u00bb0px||0px||true|false\u00bb da_is_popup=\u00bbon\u00bb da_popup_slug=\u00bbpopup_TP\u00bb da_with_loader=\u00bbon\u00bb da_disable_devices=\u00bboff|off|off\u00bb collapsed=\u00bbon\u00bb global_colors_info=\u00bb{}\u00bb da_exit_intent=\u00bboff\u00bb da_has_close=\u00bbon\u00bb da_alt_close=\u00bboff\u00bb da_dark_close=\u00bboff\u00bb da_not_modal=\u00bbon\u00bb da_is_singular=\u00bboff\u00bb da_has_shadow=\u00bbon\u00bb][et_pb_row admin_label=\u00bbFila PAC\u00bb _builder_version=\u00bb4.26.0&#8243; _module_preset=\u00bbdefault\u00bb background_image=\u00bbhttps:\/\/pazaltocauca.net\/wp-content\/uploads\/2024\/06\/Fondo-Inicio-PAC-1920x1080_Webp_50.webp\u00bb background_position=\u00bbbottom_right\u00bb background_horizontal_offset=\u00bb14%\u00bb background_blend=\u00bblighten\u00bb width=\u00bb100%\u00bb module_alignment=\u00bbcenter\u00bb min_height=\u00bb100%\u00bb height=\u00bb100%\u00bb max_height=\u00bb100%\u00bb collapsed=\u00bboff\u00bb global_colors_info=\u00bb{}\u00bb][et_pb_column type=\u00bb4_4&#8243; _builder_version=\u00bb4.25.1&#8243; _module_preset=\u00bbdefault\u00bb global_colors_info=\u00bb{}\u00bb][et_pb_blurb title=\u00bbTrocha de Paz\u00bb image=\u00bbhttps:\/\/pazaltocauca.net\/wp-content\/uploads\/2024\/07\/LogoWebTrochaDePaz.webp\u00bb image_icon_width=\u00bb50%\u00bb _builder_version=\u00bb4.26.0&#8243; _module_preset=\u00bbdefault\u00bb header_font=\u00bbFira Sans Condensed|600|||||||\u00bb header_text_align=\u00bbcenter\u00bb header_text_color=\u00bb#ffffff\u00bb header_font_size=\u00bb3.3vh\u00bb body_font=\u00bbFira Sans Condensed|500|||||||\u00bb body_text_color=\u00bb#FFFFFF\u00bb body_font_size=\u00bb1.9vh\u00bb background_enable_image=\u00bboff\u00bb text_orientation=\u00bbjustified\u00bb custom_margin=\u00bb3vh||3vh||false|false\u00bb custom_padding=\u00bb0px|4vw|0px|4vw|false|true\u00bb global_colors_info=\u00bb{}\u00bb]<\/p>\n<p><span><\/span><\/p>\n<p><span style=\"font-size: 17.803px;\">Es un proyecto donde el mundo acad\u00e9mico y la sociedad civil juntan esfuerzos para visibilizar, analizar y hacer posible la construcci\u00f3n de Paz en Colombia. Buscamos el fomento de conexiones, visualizaciones y reflexiones entre acad\u00e9micos\/as, comunidades, emprendedores, activistas e instituciones p\u00fablicas a nivel local, nacional e internacional.<\/span><span><\/span><\/p>\n<p><span><\/span><\/p>\n<p>[\/et_pb_blurb][et_pb_button button_url=\u00bbhttps:\/\/trochadepaz.com\/\u00bb url_new_window=\u00bbon\u00bb button_text=\u00bbExplorar\u00bb button_alignment=\u00bbcenter\u00bb _builder_version=\u00bb4.26.0&#8243; _module_preset=\u00bbdefault\u00bb custom_button=\u00bbon\u00bb button_text_color=\u00bb#001606&#8243; button_bg_color=\u00bb#e0d500&#8243; button_border_width=\u00bb0px\u00bb button_border_radius=\u00bb20px\u00bb button_letter_spacing=\u00bb0px\u00bb button_font=\u00bbFira Sans Condensed||||||||\u00bb custom_margin=\u00bb5vh||5vh||true|false\u00bb box_shadow_style=\u00bbpreset1&#8243; global_colors_info=\u00bb{}\u00bb button_bg_color__hover_enabled=\u00bbon|hover\u00bb button_bg_color__hover=\u00bb#00bf5c\u00bb button_bg_enable_color__hover=\u00bbon\u00bb][\/et_pb_button][\/et_pb_column][\/et_pb_row][\/et_pb_section]<\/p>\n","protected":false},"excerpt":{"rendered":"<p><div class=\"et_pb_module dsm_floating_multi_images dsm_floating_multi_images_0\">\n\t\t\t\t\n\t\t\t\t\n\t\t\t\t\n\t\t\t\t\n\t\t\t\t\n\t\t\t\t\n\t\t\t\t<div class=\"et_pb_module_inner\">\n\t\t\t\t\t<div class=\"dsm_floating_multi_images_container\"><div class=\"et_pb_module dsm_floating_multi_images_child dsm_floating_multi_images_child_0 et_clickable\">\n\t\t\t\t\n\t\t\t\t\n\t\t\t\t\n\t\t\t\t\n\t\t\t\t\n\t\t\t\t\n\t\t\t\t<div class=\"et_pb_module_inner\">\n\t\t\t\t\t<img decoding=\"async\" src=\"https:\/\/pazaltocauca.net\/wp-content\/uploads\/2024\/06\/MujerPAC.webp\" alt=\"\" title=\"MujerPAC\" id=\"\" srcset=\"https:\/\/pazaltocauca.net\/wp-content\/uploads\/2024\/06\/MujerPAC.webp 876w, https:\/\/pazaltocauca.net\/wp-content\/uploads\/2024\/06\/MujerPAC-480x329.webp 480w\" sizes=\"(min-width: 0px) and (max-width: 480px) 480px, (min-width: 481px) 876px, 100vw\" class=\"\" \/>\n\t\t\t\t<\/div>\n\t\t\t<\/div><div class=\"et_pb_module dsm_floating_multi_images_child dsm_floating_multi_images_child_1 et_clickable\">\n\t\t\t\t\n\t\t\t\t\n\t\t\t\t\n\t\t\t\t\n\t\t\t\t\n\t\t\t\t\n\t\t\t\t<div class=\"et_pb_module_inner\">\n\t\t\t\t\t<img decoding=\"async\" src=\"https:\/\/pazaltocauca.net\/wp-content\/uploads\/2024\/07\/Conoce-Paz-Alto-Cauca_2.webp\" alt=\"\" title=\"Conoce-Paz-Alto-Cauca_2\" id=\"\" srcset=\"https:\/\/pazaltocauca.net\/wp-content\/uploads\/2024\/07\/Conoce-Paz-Alto-Cauca_2.webp 500w, https:\/\/pazaltocauca.net\/wp-content\/uploads\/2024\/07\/Conoce-Paz-Alto-Cauca_2-480x480.webp 480w\" sizes=\"(min-width: 0px) and (max-width: 480px) 480px, (min-width: 481px) 500px, 100vw\" class=\"\" \/>\n\t\t\t\t<\/div>\n\t\t\t<\/div><\/div>\n\t\t\t\t<\/div>\n\t\t\t<\/div><div class=\"et_pb_module dsm_floating_multi_images dsm_floating_multi_images_1\">\n\t\t\t\t\n\t\t\t\t\n\t\t\t\t\n\t\t\t\t\n\t\t\t\t\n\t\t\t\t\n\t\t\t\t<div class=\"et_pb_module_inner\">\n\t\t\t\t\t<div class=\"dsm_floating_multi_images_container\"><div class=\"et_pb_module dsm_floating_multi_images_child dsm_floating_multi_images_child_2 et_clickable\">\n\t\t\t\t\n\t\t\t\t\n\t\t\t\t\n\t\t\t\t\n\t\t\t\t\n\t\t\t\t\n\t\t\t\t<div class=\"et_pb_module_inner\">\n\t\t\t\t\t<img decoding=\"async\" src=\"https:\/\/pazaltocauca.net\/wp-content\/uploads\/2024\/06\/Colibri-TrochaDePaz.webp\" alt=\"\" title=\"Colibri TrochaDePaz\" id=\"\" srcset=\"https:\/\/pazaltocauca.net\/wp-content\/uploads\/2024\/06\/Colibri-TrochaDePaz.webp 952w, https:\/\/pazaltocauca.net\/wp-content\/uploads\/2024\/06\/Colibri-TrochaDePaz-480x316.webp 480w\" sizes=\"(min-width: 0px) and (max-width: 480px) 480px, (min-width: 481px) 952px, 100vw\" class=\"\" \/>\n\t\t\t\t<\/div>\n\t\t\t<\/div><div class=\"et_pb_module dsm_floating_multi_images_child dsm_floating_multi_images_child_3 et_clickable\">\n\t\t\t\t\n\t\t\t\t\n\t\t\t\t\n\t\t\t\t\n\t\t\t\t\n\t\t\t\t\n\t\t\t\t<div class=\"et_pb_module_inner\">\n\t\t\t\t\t<img decoding=\"async\" src=\"https:\/\/pazaltocauca.net\/wp-content\/uploads\/2024\/07\/Conoce-Trocha-De-Paz.webp\" alt=\"\" title=\"Conoce-Trocha-De-Paz\" id=\"\" srcset=\"https:\/\/pazaltocauca.net\/wp-content\/uploads\/2024\/07\/Conoce-Trocha-De-Paz.webp 500w, https:\/\/pazaltocauca.net\/wp-content\/uploads\/2024\/07\/Conoce-Trocha-De-Paz-480x480.webp 480w\" sizes=\"(min-width: 0px) and (max-width: 480px) 480px, (min-width: 481px) 500px, 100vw\" class=\"\" \/>\n\t\t\t\t<\/div>\n\t\t\t<\/div><\/div>\n\t\t\t\t<\/div>\n\t\t\t<\/div> Es un proyecto innovador de investigaci\u00f3n e intervenci\u00f3n que propone comprender la construcci\u00f3n del Estado y fortalecer las capacidades comunitarias para la planificaci\u00f3n territorial en el contexto de la implementaci\u00f3n del Acuerdo de Paz en Colombia (2016). Es un proyecto donde el mundo acad\u00e9mico y la sociedad civil juntan esfuerzos para visibilizar, analizar y hacer posible la construcci\u00f3n de Paz en Colombia. Buscamos el fomento de conexiones, visualizaciones y reflexiones entre acad\u00e9micos\/as, comunidades, emprendedores, activistas e instituciones p\u00fablicas a nivel local, nacional e internacional.<\/p>\n","protected":false},"author":1,"featured_media":0,"parent":0,"menu_order":0,"comment_status":"closed","ping_status":"closed","template":"","meta":{"_et_pb_use_builder":"on","_et_pb_old_content":"","_et_gb_content_width":"","footnotes":""},"_links":{"self":[{"href":"https:\/\/pazaltocauca.net\/index.php\/wp-json\/wp\/v2\/pages\/15"}],"collection":[{"href":"https:\/\/pazaltocauca.net\/index.php\/wp-json\/wp\/v2\/pages"}],"about":[{"href":"https:\/\/pazaltocauca.net\/index.php\/wp-json\/wp\/v2\/types\/page"}],"author":[{"embeddable":true,"href":"https:\/\/pazaltocauca.net\/index.php\/wp-json\/wp\/v2\/users\/1"}],"replies":[{"embeddable":true,"href":"https:\/\/pazaltocauca.net\/index.php\/wp-json\/wp\/v2\/comments?post=15"}],"version-history":[{"count":0,"href":"https:\/\/pazaltocauca.net\/index.php\/wp-json\/wp\/v2\/pages\/15\/revisions"}],"wp:attachment":[{"href":"https:\/\/pazaltocauca.net\/index.php\/wp-json\/wp\/v2\/media?parent=15"}],"curies":[{"name":"wp","href":"https:\/\/api.w.org\/{rel}","templated":true}]}}