{"id":4184,"date":"2024-07-04T20:22:03","date_gmt":"2024-07-05T01:22:03","guid":{"rendered":"https:\/\/pazaltocauca.net\/?page_id=4184"},"modified":"2024-08-06T15:12:15","modified_gmt":"2024-08-06T20:12:15","slug":"audiovisuales","status":"publish","type":"page","link":"https:\/\/pazaltocauca.net\/index.php\/audiovisuales\/","title":{"rendered":"AUDIOVISUALES ESPA\u00d1OL"},"content":{"rendered":"<p>[et_pb_section fb_built=\u00bb1&#8243; admin_label=\u00bbSecci\u00f3n fondo\u00bb _builder_version=\u00bb4.25.1&#8243; _module_preset=\u00bbdefault\u00bb background_color=\u00bb#000000&#8243; custom_margin=\u00bb0px|0px|0px|0px|false|false\u00bb custom_padding=\u00bb0px|0px|0px|0px|false|false\u00bb da_disable_devices=\u00bboff|off|off\u00bb locked=\u00bbon\u00bb collapsed=\u00bbon\u00bb global_colors_info=\u00bb{}\u00bb da_is_popup=\u00bboff\u00bb da_exit_intent=\u00bboff\u00bb da_has_close=\u00bbon\u00bb da_alt_close=\u00bboff\u00bb da_dark_close=\u00bboff\u00bb da_not_modal=\u00bbon\u00bb da_is_singular=\u00bboff\u00bb da_with_loader=\u00bboff\u00bb da_has_shadow=\u00bbon\u00bb][et_pb_row _builder_version=\u00bb4.25.1&#8243; _module_preset=\u00bbdefault\u00bb width=\u00bb100%\u00bb max_width=\u00bb100%\u00bb module_alignment=\u00bbcenter\u00bb custom_margin=\u00bb0px|0px|0px|0px|false|false\u00bb custom_padding=\u00bb0px|0px|0px|0px|false|false\u00bb global_colors_info=\u00bb{}\u00bb][et_pb_column type=\u00bb4_4&#8243; _builder_version=\u00bb4.25.1&#8243; _module_preset=\u00bbdefault\u00bb global_colors_info=\u00bb{}\u00bb][et_pb_image src=\u00bbhttps:\/\/pazaltocauca.net\/wp-content\/uploads\/2024\/07\/Somos-guardia-documental-paz-alto-cauca-copia.webp\u00bb title_text=\u00bbSomos-guardia-documental-paz-alto-cauca copia\u00bb force_fullwidth=\u00bbon\u00bb _builder_version=\u00bb4.25.1&#8243; _module_preset=\u00bbdefault\u00bb background_image=\u00bbhttps:\/\/pazaltocauca.net\/wp-content\/uploads\/2024\/06\/SOMOS-GUARDIA-FONDO.jpg\u00bb min_height=\u00bb100%\u00bb height=\u00bb100%\u00bb global_colors_info=\u00bb{}\u00bb][\/et_pb_image][\/et_pb_column][\/et_pb_row][\/et_pb_section][et_pb_section fb_built=\u00bb1&#8243; admin_label=\u00bbSecci\u00f3n textos somos guardia\u00bb _builder_version=\u00bb4.26.0&#8243; _module_preset=\u00bbdefault\u00bb positioning=\u00bbabsolute\u00bb width=\u00bb100%\u00bb max_width=\u00bb100%\u00bb hover_enabled=\u00bb0&#8243; da_disable_devices=\u00bboff|off|off\u00bb collapsed=\u00bboff\u00bb global_colors_info=\u00bb{}\u00bb sticky_enabled=\u00bb0&#8243; da_is_popup=\u00bboff\u00bb da_exit_intent=\u00bboff\u00bb da_has_close=\u00bbon\u00bb da_alt_close=\u00bboff\u00bb da_dark_close=\u00bboff\u00bb da_not_modal=\u00bbon\u00bb da_is_singular=\u00bboff\u00bb da_with_loader=\u00bboff\u00bb da_has_shadow=\u00bbon\u00bb][et_pb_row column_structure=\u00bb3_5,2_5&#8243; _builder_version=\u00bb4.25.1&#8243; _module_preset=\u00bbdefault\u00bb width=\u00bb100%\u00bb max_width=\u00bb70vw\u00bb module_alignment=\u00bbcenter\u00bb custom_margin=\u00bb8vh||||false|false\u00bb global_colors_info=\u00bb{}\u00bb][et_pb_column type=\u00bb3_5&#8243; _builder_version=\u00bb4.25.1&#8243; _module_preset=\u00bbdefault\u00bb custom_padding=\u00bb0px|10vw|0px|0px|false|false\u00bb global_colors_info=\u00bb{}\u00bb][et_pb_text _builder_version=\u00bb4.26.0&#8243; _module_preset=\u00bbdefault\u00bb text_font=\u00bbOswald||||||||\u00bb text_text_color=\u00bb#ffcc00&#8243; text_font_size=\u00bb1.4vw\u00bb header_font=\u00bbOswald|700||on|||||\u00bb header_text_color=\u00bb#04003d\u00bb header_font_size=\u00bb80px\u00bb header_letter_spacing=\u00bb4px\u00bb hover_enabled=\u00bb0&#8243; header_font_size_tablet=\u00bb48px\u00bb header_font_size_phone=\u00bb24px\u00bb header_font_size_last_edited=\u00bbon|tablet\u00bb global_colors_info=\u00bb{}\u00bb sticky_enabled=\u00bb0&#8243;]<\/p>\n<p>Cortometraje\u00a0 (2019)<\/p>\n<p>[\/et_pb_text][et_pb_text _builder_version=\u00bb4.26.0&#8243; _module_preset=\u00bbdefault\u00bb text_font=\u00bbOswald|700||on|||||\u00bb text_text_color=\u00bb#ededed\u00bb text_font_size=\u00bb80px\u00bb custom_margin=\u00bb0vw||||false|false\u00bb custom_padding=\u00bb0.7vw||4vw||false|false\u00bb hover_enabled=\u00bb0&#8243; global_colors_info=\u00bb{}\u00bb header_font=\u00bbFira Sans Condensed||||||||\u00bb header_text_color=\u00bb#FFFFFF\u00bb header_font_size=\u00bb4vw\u00bb sticky_enabled=\u00bb0&#8243;]<\/p>\n<h1>SOMOS GUARDIA<\/h1>\n<p>[\/et_pb_text][et_pb_text _builder_version=\u00bb4.25.1&#8243; _module_preset=\u00bbdefault\u00bb text_font=\u00bbOswald||||||||\u00bb text_text_color=\u00bb#ffcc00&#8243; text_font_size=\u00bb1.4vw\u00bb header_font=\u00bbOswald|700||on|||||\u00bb header_text_color=\u00bb#04003d\u00bb header_font_size=\u00bb80px\u00bb header_letter_spacing=\u00bb4px\u00bb custom_margin=\u00bb0px||0px||false|false\u00bb custom_padding=\u00bb0px||0px||false|false\u00bb header_font_size_tablet=\u00bb48px\u00bb header_font_size_phone=\u00bb24px\u00bb header_font_size_last_edited=\u00bbon|tablet\u00bb global_colors_info=\u00bb{}\u00bb]<\/p>\n<p>Sinopsis<\/p>\n<p>[\/et_pb_text][et_pb_text _builder_version=\u00bb4.25.1&#8243; _module_preset=\u00bbdefault\u00bb text_font=\u00bbFira Sans Condensed|300|||||||\u00bb text_text_color=\u00bb#ededed\u00bb text_font_size=\u00bb2.1vh\u00bb text_line_height=\u00bb1.4em\u00bb custom_padding=\u00bb1vw||||false|false\u00bb global_colors_info=\u00bb{}\u00bb]<\/p>\n<p>SOMOS GUARDIA fue producido participativamente en los municipios de Suarez, Timba Mar\u00edlopez y Buenos Aires, Cauca, en el marco del Proyecto Paz Alto Cauca. Es una producci\u00f3n inter-\u00e9tnica e inter-cultural en el Alto Cauca dirigido por la Universidad del Valle &amp; Loughborough University.<\/p>\n<p>Casa de producci\u00f3n Mississippi Dragonfly bajo la direcci\u00f3n de Irene V\u00e9lez en el marco del proyecto Proyecto \u00abPaz Alto Cauca\u00bb \u2013 Universidad del Valle.<\/p>\n<p>[\/et_pb_text][\/et_pb_column][et_pb_column type=\u00bb2_5&#8243; _builder_version=\u00bb4.25.1&#8243; _module_preset=\u00bbdefault\u00bb global_colors_info=\u00bb{}\u00bb][\/et_pb_column][\/et_pb_row][\/et_pb_section][et_pb_section fb_built=\u00bb1&#8243; admin_label=\u00bbSecci\u00f3n somos guardia video\u00bb _builder_version=\u00bb4.25.1&#8243; _module_preset=\u00bbdefault\u00bb background_color=\u00bb#000000&#8243; custom_padding=\u00bb||61px|||\u00bb da_disable_devices=\u00bboff|off|off\u00bb collapsed=\u00bbon\u00bb global_colors_info=\u00bb{}\u00bb da_is_popup=\u00bboff\u00bb da_exit_intent=\u00bboff\u00bb da_has_close=\u00bbon\u00bb da_alt_close=\u00bboff\u00bb da_dark_close=\u00bboff\u00bb da_not_modal=\u00bbon\u00bb da_is_singular=\u00bboff\u00bb da_with_loader=\u00bboff\u00bb da_has_shadow=\u00bbon\u00bb][et_pb_row _builder_version=\u00bb4.25.1&#8243; _module_preset=\u00bbdefault\u00bb width=\u00bb83%\u00bb max_width=\u00bb70vw\u00bb custom_margin=\u00bb0px|14vw||14vw|false|true\u00bb global_colors_info=\u00bb{}\u00bb][et_pb_column type=\u00bb4_4&#8243; _builder_version=\u00bb4.25.1&#8243; _module_preset=\u00bbdefault\u00bb global_colors_info=\u00bb{}\u00bb][et_pb_text _builder_version=\u00bb4.25.1&#8243; _module_preset=\u00bbdefault\u00bb text_font=\u00bbOswald||||||||\u00bb text_text_color=\u00bb#ffcc00&#8243; text_font_size=\u00bb1.4vw\u00bb header_font=\u00bbOswald|700||on|||||\u00bb header_text_color=\u00bb#04003d\u00bb header_font_size=\u00bb80px\u00bb header_letter_spacing=\u00bb4px\u00bb header_font_size_tablet=\u00bb48px\u00bb header_font_size_phone=\u00bb24px\u00bb header_font_size_last_edited=\u00bbon|tablet\u00bb global_colors_info=\u00bb{}\u00bb]<\/p>\n<p>Ver cortometraje<\/p>\n<p>[\/et_pb_text][et_pb_divider color=\u00bb#ffcc00&#8243; divider_weight=\u00bb6px\u00bb _builder_version=\u00bb4.25.1&#8243; _module_preset=\u00bbdefault\u00bb width=\u00bb100%\u00bb max_width=\u00bb100%\u00bb module_alignment=\u00bbleft\u00bb custom_margin=\u00bb0px||0px|0px|false|false\u00bb custom_padding=\u00bb0px||0px||false|false\u00bb border_radii=\u00bbon|7px|7px|7px|7px\u00bb locked=\u00bboff\u00bb global_colors_info=\u00bb{}\u00bb][\/et_pb_divider][et_pb_video src=\u00bbhttps:\/\/www.youtube.com\/watch?v=A-BgE_40x08&#8243; image_src=\u00bbhttps:\/\/pazaltocauca.net\/wp-content\/uploads\/2024\/06\/Imagen-Somos-Guardia.jpg\u00bb _builder_version=\u00bb4.25.1&#8243; _module_preset=\u00bbdefault\u00bb global_colors_info=\u00bb{}\u00bb][\/et_pb_video][et_pb_divider color=\u00bb#ffcc00&#8243; divider_weight=\u00bb6px\u00bb _builder_version=\u00bb4.25.1&#8243; _module_preset=\u00bbdefault\u00bb width=\u00bb100%\u00bb max_width=\u00bb100%\u00bb module_alignment=\u00bbleft\u00bb custom_margin=\u00bb0px||0px|0px|false|false\u00bb custom_padding=\u00bb0px||0px||false|false\u00bb border_radii=\u00bbon|7px|7px|7px|7px\u00bb locked=\u00bboff\u00bb global_colors_info=\u00bb{}\u00bb][\/et_pb_divider][\/et_pb_column][\/et_pb_row][\/et_pb_section][et_pb_section fb_built=\u00bb1&#8243; admin_label=\u00bbSecci\u00f3n textos somos guardia\u00bb _builder_version=\u00bb4.25.1&#8243; _module_preset=\u00bbdefault\u00bb background_image=\u00bbhttps:\/\/pazaltocauca.net\/wp-content\/uploads\/2024\/07\/una-gota-de-conciencia-documental-paz-alto-cauca-1.webp\u00bb background_size=\u00bbinitial\u00bb positioning=\u00bbnone\u00bb width=\u00bb100%\u00bb max_width=\u00bb100%\u00bb custom_margin=\u00bb0px|0px|0px|0px|false|false\u00bb custom_padding=\u00bb44px|0px|0px|0px|false|false\u00bb da_disable_devices=\u00bboff|off|off\u00bb collapsed=\u00bbon\u00bb global_colors_info=\u00bb{}\u00bb da_is_popup=\u00bboff\u00bb da_exit_intent=\u00bboff\u00bb da_has_close=\u00bbon\u00bb da_alt_close=\u00bboff\u00bb da_dark_close=\u00bboff\u00bb da_not_modal=\u00bbon\u00bb da_is_singular=\u00bboff\u00bb da_with_loader=\u00bboff\u00bb da_has_shadow=\u00bbon\u00bb][et_pb_row column_structure=\u00bb3_5,2_5&#8243; _builder_version=\u00bb4.25.1&#8243; _module_preset=\u00bbdefault\u00bb width=\u00bb100%\u00bb max_width=\u00bb70vw\u00bb module_alignment=\u00bbcenter\u00bb custom_margin=\u00bb8vh|auto|-11px|auto|false|false\u00bb custom_padding=\u00bb||0px|||\u00bb global_colors_info=\u00bb{}\u00bb][et_pb_column type=\u00bb3_5&#8243; _builder_version=\u00bb4.25.1&#8243; _module_preset=\u00bbdefault\u00bb custom_padding=\u00bb0px|10vw|0px|0px|false|false\u00bb global_colors_info=\u00bb{}\u00bb][et_pb_text _builder_version=\u00bb4.25.1&#8243; _module_preset=\u00bbdefault\u00bb text_font=\u00bbOswald||||||||\u00bb text_text_color=\u00bb#ffcc00&#8243; text_font_size=\u00bb1.4vw\u00bb header_font=\u00bbOswald|700||on|||||\u00bb header_text_color=\u00bb#04003d\u00bb header_font_size=\u00bb80px\u00bb header_letter_spacing=\u00bb4px\u00bb custom_margin=\u00bb||13px|||\u00bb header_font_size_tablet=\u00bb48px\u00bb header_font_size_phone=\u00bb24px\u00bb header_font_size_last_edited=\u00bbon|tablet\u00bb global_colors_info=\u00bb{}\u00bb]<\/p>\n<p>Cortometraje (2019)<\/p>\n<p>[\/et_pb_text][et_pb_text _builder_version=\u00bb4.26.0&#8243; _module_preset=\u00bbdefault\u00bb text_font=\u00bbOswald|700||on|||||\u00bb text_text_color=\u00bb#ededed\u00bb text_font_size=\u00bb80px\u00bb custom_margin=\u00bb0vw||||false|false\u00bb custom_padding=\u00bb0.7vw||4vw||false|false\u00bb global_colors_info=\u00bb{}\u00bb header_font=\u00bbFira Sans Condensed||||||||\u00bb header_text_color=\u00bb#FFFFFF\u00bb header_font_size=\u00bb4vw\u00bb hover_enabled=\u00bb0&#8243; sticky_enabled=\u00bb0&#8243;]<\/p>\n<h1>una gota de conciencia<\/h1>\n<p>[\/et_pb_text][et_pb_text _builder_version=\u00bb4.25.1&#8243; _module_preset=\u00bbdefault\u00bb text_font=\u00bbOswald||||||||\u00bb text_text_color=\u00bb#ffcc00&#8243; text_font_size=\u00bb1.4vw\u00bb header_font=\u00bbOswald|700||on|||||\u00bb header_text_color=\u00bb#04003d\u00bb header_font_size=\u00bb80px\u00bb header_letter_spacing=\u00bb4px\u00bb custom_margin=\u00bb0px||0px||false|false\u00bb custom_padding=\u00bb0px||0px||false|false\u00bb header_font_size_tablet=\u00bb48px\u00bb header_font_size_phone=\u00bb24px\u00bb header_font_size_last_edited=\u00bbon|tablet\u00bb global_colors_info=\u00bb{}\u00bb]<\/p>\n<p>Sinopsis<\/p>\n<p>[\/et_pb_text][et_pb_text _builder_version=\u00bb4.25.1&#8243; _module_preset=\u00bbdefault\u00bb text_font=\u00bbFira Sans Condensed|300|||||||\u00bb text_text_color=\u00bb#ededed\u00bb text_font_size=\u00bb2.1vh\u00bb text_line_height=\u00bb1.4em\u00bb custom_padding=\u00bb1vw||||false|false\u00bb global_colors_info=\u00bb{}\u00bb]<\/p>\n<p>Una Gota de Conciencia fue producido participativamente por comunidades en Miranda y Corinto, Cauca, en el marco del Proyecto Paz Alto Cauca. Una producci\u00f3n inter-\u00e9tnica e inter-cultural de Mississippi Dragonfly en el Alto Cauca.<\/p>\n<p>Dirigido por la Universidad del Valle &amp; Loughborough University.<\/p>\n<p>&nbsp;<\/p>\n<p>&nbsp;<\/p>\n<p>&nbsp;<\/p>\n<p>[\/et_pb_text][\/et_pb_column][et_pb_column type=\u00bb2_5&#8243; _builder_version=\u00bb4.25.1&#8243; _module_preset=\u00bbdefault\u00bb global_colors_info=\u00bb{}\u00bb][\/et_pb_column][\/et_pb_row][\/et_pb_section][et_pb_section fb_built=\u00bb1&#8243; admin_label=\u00bbSecci\u00f3n una gota de conciencia video\u00bb _builder_version=\u00bb4.25.1&#8243; _module_preset=\u00bbdefault\u00bb background_color=\u00bb#000000&#8243; custom_margin=\u00bb5px|||||\u00bb custom_padding=\u00bb56px|||||\u00bb da_disable_devices=\u00bboff|off|off\u00bb collapsed=\u00bbon\u00bb global_colors_info=\u00bb{}\u00bb da_is_popup=\u00bboff\u00bb da_exit_intent=\u00bboff\u00bb da_has_close=\u00bbon\u00bb da_alt_close=\u00bboff\u00bb da_dark_close=\u00bboff\u00bb da_not_modal=\u00bbon\u00bb da_is_singular=\u00bboff\u00bb da_with_loader=\u00bboff\u00bb da_has_shadow=\u00bbon\u00bb][et_pb_row _builder_version=\u00bb4.25.1&#8243; _module_preset=\u00bbdefault\u00bb width=\u00bb83%\u00bb max_width=\u00bb70vw\u00bb custom_margin=\u00bb0px|14vw||14vw|false|true\u00bb global_colors_info=\u00bb{}\u00bb][et_pb_column type=\u00bb4_4&#8243; _builder_version=\u00bb4.25.1&#8243; _module_preset=\u00bbdefault\u00bb global_colors_info=\u00bb{}\u00bb][et_pb_text _builder_version=\u00bb4.25.1&#8243; _module_preset=\u00bbdefault\u00bb text_font=\u00bbOswald||||||||\u00bb text_text_color=\u00bb#ffcc00&#8243; text_font_size=\u00bb1.4vw\u00bb header_font=\u00bbOswald|700||on|||||\u00bb header_text_color=\u00bb#04003d\u00bb header_font_size=\u00bb80px\u00bb header_letter_spacing=\u00bb4px\u00bb header_font_size_tablet=\u00bb48px\u00bb header_font_size_phone=\u00bb24px\u00bb header_font_size_last_edited=\u00bbon|tablet\u00bb global_colors_info=\u00bb{}\u00bb]<\/p>\n<p>Ver cortometraje<\/p>\n<p>[\/et_pb_text][et_pb_divider color=\u00bb#ffcc00&#8243; divider_weight=\u00bb6px\u00bb _builder_version=\u00bb4.25.1&#8243; _module_preset=\u00bbdefault\u00bb width=\u00bb100%\u00bb max_width=\u00bb100%\u00bb module_alignment=\u00bbleft\u00bb custom_margin=\u00bb0px||0px|0px|false|false\u00bb custom_padding=\u00bb0px||0px||false|false\u00bb border_radii=\u00bbon|7px|7px|7px|7px\u00bb locked=\u00bboff\u00bb global_colors_info=\u00bb{}\u00bb][\/et_pb_divider][et_pb_video src=\u00bbhttps:\/\/www.youtube.com\/watch?v=ynOpY_X474c\u00bb image_src=\u00bbhttps:\/\/pazaltocauca.net\/wp-content\/uploads\/2024\/06\/Una-Gota-de-Conciencia.jpg\u00bb _builder_version=\u00bb4.25.1&#8243; _module_preset=\u00bbdefault\u00bb global_colors_info=\u00bb{}\u00bb][\/et_pb_video][et_pb_divider color=\u00bb#ffcc00&#8243; divider_weight=\u00bb6px\u00bb _builder_version=\u00bb4.25.1&#8243; _module_preset=\u00bbdefault\u00bb width=\u00bb100%\u00bb max_width=\u00bb100%\u00bb module_alignment=\u00bbleft\u00bb custom_margin=\u00bb0px||0px|0px|false|false\u00bb custom_padding=\u00bb0px||0px||false|false\u00bb border_radii=\u00bbon|7px|7px|7px|7px\u00bb locked=\u00bboff\u00bb global_colors_info=\u00bb{}\u00bb][\/et_pb_divider][\/et_pb_column][\/et_pb_row][\/et_pb_section]<\/p>\n","protected":false},"excerpt":{"rendered":"<p>Cortometraje\u00a0 (2019)SOMOS GUARDIASinopsisSOMOS GUARDIA fue producido participativamente en los municipios de Suarez, Timba Mar\u00edlopez y Buenos Aires, Cauca, en el marco del Proyecto Paz Alto Cauca. Es una producci\u00f3n inter-\u00e9tnica e inter-cultural en el Alto Cauca dirigido por la Universidad del Valle &amp; Loughborough University. Casa de producci\u00f3n Mississippi Dragonfly bajo la direcci\u00f3n de Irene V\u00e9lez en el marco del proyecto Proyecto \u00abPaz Alto Cauca\u00bb \u2013 Universidad del Valle.Ver cortometrajeCortometraje (2019)una gota de concienciaSinopsisUna Gota de Conciencia fue producido participativamente por comunidades en Miranda y Corinto, Cauca, en el marco del Proyecto Paz Alto Cauca. Una producci\u00f3n inter-\u00e9tnica e inter-cultural de Mississippi Dragonfly en el Alto Cauca. Dirigido por la Universidad del Valle &amp; Loughborough University. &nbsp; &nbsp; &nbsp;Ver cortometraje<\/p>\n","protected":false},"author":1,"featured_media":0,"parent":0,"menu_order":0,"comment_status":"closed","ping_status":"closed","template":"","meta":{"_et_pb_use_builder":"on","_et_pb_old_content":"","_et_gb_content_width":"","footnotes":""},"_links":{"self":[{"href":"https:\/\/pazaltocauca.net\/index.php\/wp-json\/wp\/v2\/pages\/4184"}],"collection":[{"href":"https:\/\/pazaltocauca.net\/index.php\/wp-json\/wp\/v2\/pages"}],"about":[{"href":"https:\/\/pazaltocauca.net\/index.php\/wp-json\/wp\/v2\/types\/page"}],"author":[{"embeddable":true,"href":"https:\/\/pazaltocauca.net\/index.php\/wp-json\/wp\/v2\/users\/1"}],"replies":[{"embeddable":true,"href":"https:\/\/pazaltocauca.net\/index.php\/wp-json\/wp\/v2\/comments?post=4184"}],"version-history":[{"count":22,"href":"https:\/\/pazaltocauca.net\/index.php\/wp-json\/wp\/v2\/pages\/4184\/revisions"}],"predecessor-version":[{"id":4773,"href":"https:\/\/pazaltocauca.net\/index.php\/wp-json\/wp\/v2\/pages\/4184\/revisions\/4773"}],"wp:attachment":[{"href":"https:\/\/pazaltocauca.net\/index.php\/wp-json\/wp\/v2\/media?parent=4184"}],"curies":[{"name":"wp","href":"https:\/\/api.w.org\/{rel}","templated":true}]}}