{"id":4737,"date":"2024-07-18T01:57:20","date_gmt":"2024-07-18T06:57:20","guid":{"rendered":"https:\/\/pazaltocauca.net\/?page_id=4737"},"modified":"2024-07-18T02:04:37","modified_gmt":"2024-07-18T07:04:37","slug":"podcast-ingles","status":"publish","type":"page","link":"https:\/\/pazaltocauca.net\/index.php\/podcast-ingles\/","title":{"rendered":"podcast-ingles"},"content":{"rendered":"<p>[et_pb_section fb_built=\u00bb1&#8243; admin_label=\u00bbSecci\u00f3n baner\u00bb _builder_version=\u00bb4.25.1&#8243; width=\u00bb100%\u00bb max_width=\u00bb100%\u00bb module_alignment=\u00bbcenter\u00bb min_height=\u00bb100%\u00bb height=\u00bb100%\u00bb max_height=\u00bb100%\u00bb custom_margin=\u00bb0px|0px|0px|0px|false|false\u00bb custom_padding=\u00bb0px|0px|0px|0px|false|false\u00bb da_disable_devices=\u00bboff|off|off\u00bb collapsed=\u00bboff\u00bb global_colors_info=\u00bb{}\u00bb da_is_popup=\u00bboff\u00bb da_exit_intent=\u00bboff\u00bb da_has_close=\u00bbon\u00bb da_alt_close=\u00bboff\u00bb da_dark_close=\u00bboff\u00bb da_not_modal=\u00bbon\u00bb da_is_singular=\u00bboff\u00bb da_with_loader=\u00bboff\u00bb da_has_shadow=\u00bbon\u00bb][et_pb_row admin_label=\u00bbBanner\u00bb _builder_version=\u00bb4.25.1&#8243; background_image=\u00bbhttps:\/\/pazaltocauca.net\/wp-content\/uploads\/2024\/06\/WebpTrochadepazFondoNuestros-audiovisuales.webp\u00bb background_size=\u00bbinitial\u00bb background_position=\u00bbtop_left\u00bb background_repeat=\u00bbrepeat\u00bb width=\u00bb100%\u00bb max_width=\u00bb100%\u00bb module_alignment=\u00bbcenter\u00bb custom_margin=\u00bb0px|0px|0px|0px|false|false\u00bb custom_padding=\u00bb0%|0%|0.1%|0%|false|true\u00bb collapsed=\u00bboff\u00bb global_colors_info=\u00bb{}\u00bb][et_pb_column type=\u00bb4_4&#8243; _builder_version=\u00bb4.22.2&#8243; _module_preset=\u00bbdefault\u00bb global_colors_info=\u00bb{}\u00bb][et_pb_image src=\u00bbhttps:\/\/pazaltocauca.net\/wp-content\/uploads\/2024\/07\/banner-podcast-paz-alto-cauca.webp\u00bb title_text=\u00bbbanner podcast paz alto cauca\u00bb force_fullwidth=\u00bbon\u00bb _builder_version=\u00bb4.25.1&#8243; _module_preset=\u00bbdefault\u00bb module_alignment=\u00bbcenter\u00bb min_height=\u00bb100%\u00bb height=\u00bb100%\u00bb custom_margin=\u00bb0px|0px|0px|0px|false|false\u00bb custom_padding=\u00bb0px|0px|0px|0px|false|false\u00bb global_colors_info=\u00bb{}\u00bb][\/et_pb_image][\/et_pb_column][\/et_pb_row][\/et_pb_section][et_pb_section fb_built=\u00bb1&#8243; admin_label=\u00bbHeader\u00bb _builder_version=\u00bb4.25.1&#8243; _module_preset=\u00bbdefault\u00bb background_image=\u00bbhttps:\/\/pazaltocauca.net\/wp-content\/uploads\/2024\/06\/WebpTrochadepazFondoNuestros-audiovisuales.webp\u00bb background_size=\u00bbinitial\u00bb width=\u00bb100%\u00bb max_width=\u00bb100%\u00bb module_alignment=\u00bbcenter\u00bb custom_margin=\u00bb-1vw|72px|-1vw|0px|false|false\u00bb custom_padding=\u00bb1vw|0px|2vw|0px|false|false\u00bb da_disable_devices=\u00bboff|off|off\u00bb border_width_all=\u00bb10px\u00bb border_color_all=\u00bb#FFFFFF\u00bb locked=\u00bboff\u00bb collapsed=\u00bboff\u00bb global_colors_info=\u00bb{}\u00bb da_is_popup=\u00bboff\u00bb da_exit_intent=\u00bboff\u00bb da_has_close=\u00bbon\u00bb da_alt_close=\u00bboff\u00bb da_dark_close=\u00bboff\u00bb da_not_modal=\u00bbon\u00bb da_is_singular=\u00bboff\u00bb da_with_loader=\u00bboff\u00bb da_has_shadow=\u00bbon\u00bb][et_pb_row column_structure=\u00bb1_3,2_3&#8243; _builder_version=\u00bb4.16&#8243; _module_preset=\u00bbdefault\u00bb global_colors_info=\u00bb{}\u00bb][et_pb_column type=\u00bb1_3&#8243; _builder_version=\u00bb4.16&#8243; _module_preset=\u00bbdefault\u00bb global_colors_info=\u00bb{}\u00bb][et_pb_image src=\u00bbhttps:\/\/pazaltocauca.net\/wp-content\/uploads\/2024\/06\/Paz-Alto-Cauca-Logo.png\u00bb title_text=\u00bbPaz-Alto-Cauca-Logo\u00bb align=\u00bbcenter\u00bb _builder_version=\u00bb4.25.1&#8243; _module_preset=\u00bbdefault\u00bb max_width=\u00bb400px\u00bb max_width_tablet=\u00bb200px\u00bb max_width_phone=\u00bb100px\u00bb max_width_last_edited=\u00bbon|phone\u00bb module_alignment=\u00bbleft\u00bb custom_margin=\u00bb3vh||||false|false\u00bb global_colors_info=\u00bb{}\u00bb][\/et_pb_image][\/et_pb_column][et_pb_column type=\u00bb2_3&#8243; _builder_version=\u00bb4.16&#8243; _module_preset=\u00bbdefault\u00bb custom_padding=\u00bb80px||||false|false\u00bb custom_padding_tablet=\u00bb0px||||false|false\u00bb custom_padding_phone=\u00bb\u00bb custom_padding_last_edited=\u00bbon|tablet\u00bb global_colors_info=\u00bb{}\u00bb][et_pb_text _builder_version=\u00bb4.26.0&#8243; _module_preset=\u00bb749b4de8-41a8-4da6-8860-0fec47e09e96&#8243; header_font=\u00bbOswald|700||on|||||\u00bb header_text_color=\u00bb#04003d\u00bb header_font_size=\u00bb80px\u00bb header_letter_spacing=\u00bb4px\u00bb hover_enabled=\u00bb0&#8243; header_font_size_tablet=\u00bb48px\u00bb header_font_size_phone=\u00bb24px\u00bb header_font_size_last_edited=\u00bbon|tablet\u00bb global_colors_info=\u00bb{}\u00bb sticky_enabled=\u00bb0&#8243;]<\/p>\n<h1>Podcast:<\/h1>\n<h1>Between gold and mercury<\/h1>\n<p>[\/et_pb_text][et_pb_text _builder_version=\u00bb4.26.0&#8243; _module_preset=\u00bb38128ce4-78a8-4c45-b3ff-f4fb37f074f0&#8243; header_font=\u00bbFira Sans Condensed||||||||\u00bb header_text_color=\u00bb#04024f\u00bb header_font_size=\u00bb1.3vw\u00bb header_line_height=\u00bb1.2em\u00bb header_4_font=\u00bbOswald|||on|||||\u00bb header_4_text_color=\u00bb#3830d3&#8243; header_4_font_size=\u00bb24px\u00bb header_4_letter_spacing=\u00bb1px\u00bb header_4_line_height=\u00bb1.5em\u00bb custom_margin=\u00bb||0px||false|false\u00bb hover_enabled=\u00bb0&#8243; header_4_font_size_tablet=\u00bb18px\u00bb header_4_font_size_phone=\u00bb16px\u00bb header_4_font_size_last_edited=\u00bbon|phone\u00bb inline_fonts=\u00bbOswald\u00bb global_colors_info=\u00bb{}\u00bb sticky_enabled=\u00bb0&#8243;]<\/p>\n<h1><span style=\"font-family: Oswald; font-weight: normal;\">Radio production in the framework of the Alto Cauca Mercury Project, whose objective is to determine the state of contamination and human exposure to mercury in mining, in a region where environmental control by governmental institutions is insufficient.<\/span><\/h1>\n<p>&nbsp;<\/p>\n<p>[\/et_pb_text][\/et_pb_column][\/et_pb_row][\/et_pb_section][et_pb_section fb_built=\u00bb1&#8243; admin_label=\u00bbSecci\u00f3n Podcast\u00bb _builder_version=\u00bb4.25.1&#8243; width=\u00bb100%\u00bb max_width=\u00bb100%\u00bb module_alignment=\u00bbcenter\u00bb min_height=\u00bb100%\u00bb height=\u00bb100%\u00bb max_height=\u00bb100%\u00bb custom_margin=\u00bb0px|0px|0px|0px|false|false\u00bb custom_padding=\u00bb0px|0px|0px|0px|false|false\u00bb da_disable_devices=\u00bboff|off|off\u00bb collapsed=\u00bboff\u00bb global_colors_info=\u00bb{}\u00bb da_is_popup=\u00bboff\u00bb da_exit_intent=\u00bboff\u00bb da_has_close=\u00bbon\u00bb da_alt_close=\u00bboff\u00bb da_dark_close=\u00bboff\u00bb da_not_modal=\u00bbon\u00bb da_is_singular=\u00bboff\u00bb da_with_loader=\u00bboff\u00bb da_has_shadow=\u00bbon\u00bb][et_pb_row admin_label=\u00bbFila\u00bb _builder_version=\u00bb4.25.1&#8243; background_image=\u00bbhttps:\/\/pazaltocauca.net\/wp-content\/uploads\/2024\/06\/WebpTrochadepazFondoNuestros-audiovisuales.webp\u00bb background_size=\u00bbinitial\u00bb background_position=\u00bbtop_left\u00bb background_repeat=\u00bbrepeat\u00bb width=\u00bb100%\u00bb max_width=\u00bb100%\u00bb module_alignment=\u00bbcenter\u00bb custom_margin=\u00bb-4px|0px|0px|0px|false|false\u00bb custom_padding=\u00bb0.8%|17%|5%|17%|false|true\u00bb collapsed=\u00bboff\u00bb global_colors_info=\u00bb{}\u00bb][et_pb_column type=\u00bb4_4&#8243; _builder_version=\u00bb4.22.2&#8243; _module_preset=\u00bbdefault\u00bb global_colors_info=\u00bb{}\u00bb][et_pb_divider color=\u00bb#5f2782&#8243; divider_weight=\u00bb6px\u00bb _builder_version=\u00bb4.22.2&#8243; _module_preset=\u00bbdefault\u00bb width=\u00bb79%\u00bb max_width=\u00bb100%\u00bb module_alignment=\u00bbcenter\u00bb custom_margin=\u00bb0px||0px||false|false\u00bb custom_padding=\u00bb0px||0px||false|false\u00bb border_radii=\u00bbon|7px|7px|7px|7px\u00bb locked=\u00bboff\u00bb global_colors_info=\u00bb{}\u00bb][\/et_pb_divider][et_pb_audio audio=\u00bbhttps:\/\/trochadepaz.com\/wp-content\/uploads\/2024\/03\/EntreOroYMercurio_Salud.mp3&#8243; title=\u00bbHealth\u00bb artist_name=\u00bbMadre cabeza de lugar (an\u00f3nimo) &#038; Dr. Fabian M\u00e9ndez (Univalle)\u00bb image_url=\u00bbhttps:\/\/pazaltocauca.net\/wp-content\/uploads\/2024\/06\/Icono-podcast-1.png\u00bb admin_label=\u00bbPodcast1&#8243; _builder_version=\u00bb4.26.0&#8243; _module_preset=\u00bbdefault\u00bb title_font=\u00bbFira Sans Condensed||||||||\u00bb title_text_align=\u00bbcenter\u00bb title_font_size=\u00bb21px\u00bb caption_font=\u00bbHind Madurai|300|||||||\u00bb caption_font_size=\u00bb15px\u00bb background_color=\u00bb#8f5d93&#8243; width=\u00bb100%\u00bb max_width=\u00bb100%\u00bb module_alignment=\u00bbcenter\u00bb custom_margin=\u00bb0px||||false|false\u00bb custom_padding=\u00bb2%||2%||false|false\u00bb hover_enabled=\u00bb0&#8243; border_radii=\u00bbon|20px|20px|20px|20px\u00bb global_colors_info=\u00bb{}\u00bb sticky_enabled=\u00bb0&#8243;][\/et_pb_audio][et_pb_divider color=\u00bb#5f2782&#8243; divider_weight=\u00bb6px\u00bb _builder_version=\u00bb4.22.2&#8243; _module_preset=\u00bbdefault\u00bb width=\u00bb79%\u00bb max_width=\u00bb100%\u00bb module_alignment=\u00bbcenter\u00bb custom_margin=\u00bb0px||0px||false|false\u00bb custom_padding=\u00bb0px||0px||false|false\u00bb border_radii=\u00bbon|7px|7px|7px|7px\u00bb locked=\u00bboff\u00bb global_colors_info=\u00bb{}\u00bb][\/et_pb_divider][et_pb_audio audio=\u00bbhttps:\/\/trochadepaz.com\/wp-content\/uploads\/2024\/03\/EntreOroYMercurio_SaludPublicaYSeguridad.mp3&#8243; title=\u00bbPublic Health and Safety\u00bb artist_name=\u00bbH\u00e9ctor Marino Carabal\u00ed &#038; An\u00edbal Vega (L\u00edder social)\u00bb image_url=\u00bbhttps:\/\/pazaltocauca.net\/wp-content\/uploads\/2024\/06\/Icono-podcast-4TP.png\u00bb admin_label=\u00bbPodcast 2&#8243; _builder_version=\u00bb4.26.0&#8243; _module_preset=\u00bbdefault\u00bb title_font=\u00bbFira Sans Condensed||||||||\u00bb title_text_align=\u00bbcenter\u00bb title_font_size=\u00bb21px\u00bb caption_font=\u00bbHind Madurai|300|||||||\u00bb caption_font_size=\u00bb15px\u00bb background_color=\u00bb#8f5d93&#8243; width=\u00bb100%\u00bb max_width=\u00bb100%\u00bb module_alignment=\u00bbcenter\u00bb custom_margin=\u00bb0px||||false|false\u00bb custom_padding=\u00bb2%||2%||false|false\u00bb hover_enabled=\u00bb0&#8243; border_radii=\u00bbon|20px|20px|20px|20px\u00bb global_colors_info=\u00bb{}\u00bb sticky_enabled=\u00bb0&#8243;][\/et_pb_audio][et_pb_divider color=\u00bb#5f2782&#8243; divider_weight=\u00bb6px\u00bb _builder_version=\u00bb4.22.2&#8243; _module_preset=\u00bbdefault\u00bb width=\u00bb79%\u00bb max_width=\u00bb100%\u00bb module_alignment=\u00bbcenter\u00bb custom_margin=\u00bb0px||0px||false|false\u00bb custom_padding=\u00bb0px||0px||false|false\u00bb border_radii=\u00bbon|7px|7px|7px|7px\u00bb locked=\u00bboff\u00bb global_colors_info=\u00bb{}\u00bb][\/et_pb_divider][et_pb_audio audio=\u00bbhttps:\/\/trochadepaz.com\/wp-content\/uploads\/2024\/03\/EntreOroYMercurio_ImpactosSocioCulturales.mp3&#8243; title=\u00bbSocio-cultural impacts\u00bb artist_name=\u00bbFrancia M\u00e1rquez Mina &#038; Dr. Irene V\u00e9lez-Torres (Univalle)\u00bb image_url=\u00bbhttps:\/\/pazaltocauca.net\/wp-content\/uploads\/2024\/06\/Icono-podcast-saludPublica.png\u00bb admin_label=\u00bbPodcast3 \u00bb _builder_version=\u00bb4.26.0&#8243; _module_preset=\u00bbdefault\u00bb title_font=\u00bbFira Sans Condensed||||||||\u00bb title_text_align=\u00bbcenter\u00bb caption_font=\u00bbHind Madurai|300|||||||\u00bb caption_font_size=\u00bb15px\u00bb width=\u00bb100%\u00bb max_width=\u00bb100%\u00bb module_alignment=\u00bbcenter\u00bb custom_margin=\u00bb0px||||false|false\u00bb custom_padding=\u00bb2%||2%||false|false\u00bb border_radii=\u00bbon|20px|20px|20px|20px\u00bb global_colors_info=\u00bb{}\u00bb sticky_enabled=\u00bb0&#8243; title_font_size=\u00bb21px\u00bb background_color=\u00bb#8f5d93&#8243; hover_enabled=\u00bb0&#8243;][\/et_pb_audio][et_pb_divider color=\u00bb#5f2782&#8243; divider_weight=\u00bb6px\u00bb _builder_version=\u00bb4.22.2&#8243; _module_preset=\u00bbdefault\u00bb width=\u00bb79%\u00bb max_width=\u00bb100%\u00bb module_alignment=\u00bbcenter\u00bb custom_margin=\u00bb0px||0px||false|false\u00bb custom_padding=\u00bb0px||0px||false|false\u00bb border_radii=\u00bbon|7px|7px|7px|7px\u00bb locked=\u00bboff\u00bb global_colors_info=\u00bb{}\u00bb][\/et_pb_divider][\/et_pb_column][\/et_pb_row][\/et_pb_section]<\/p>\n","protected":false},"excerpt":{"rendered":"<p>Podcast: Between gold and mercuryRadio production in the framework of the Alto Cauca Mercury Project, whose objective is to determine the state of contamination and human exposure to mercury in mining, in a region where environmental control by governmental institutions is insufficient. &nbsp;<\/p>\n","protected":false},"author":1,"featured_media":0,"parent":0,"menu_order":0,"comment_status":"closed","ping_status":"closed","template":"","meta":{"_et_pb_use_builder":"on","_et_pb_old_content":"","_et_gb_content_width":"","footnotes":""},"_links":{"self":[{"href":"https:\/\/pazaltocauca.net\/index.php\/wp-json\/wp\/v2\/pages\/4737"}],"collection":[{"href":"https:\/\/pazaltocauca.net\/index.php\/wp-json\/wp\/v2\/pages"}],"about":[{"href":"https:\/\/pazaltocauca.net\/index.php\/wp-json\/wp\/v2\/types\/page"}],"author":[{"embeddable":true,"href":"https:\/\/pazaltocauca.net\/index.php\/wp-json\/wp\/v2\/users\/1"}],"replies":[{"embeddable":true,"href":"https:\/\/pazaltocauca.net\/index.php\/wp-json\/wp\/v2\/comments?post=4737"}],"version-history":[{"count":5,"href":"https:\/\/pazaltocauca.net\/index.php\/wp-json\/wp\/v2\/pages\/4737\/revisions"}],"predecessor-version":[{"id":4744,"href":"https:\/\/pazaltocauca.net\/index.php\/wp-json\/wp\/v2\/pages\/4737\/revisions\/4744"}],"wp:attachment":[{"href":"https:\/\/pazaltocauca.net\/index.php\/wp-json\/wp\/v2\/media?parent=4737"}],"curies":[{"name":"wp","href":"https:\/\/api.w.org\/{rel}","templated":true}]}}